{"id":1082,"date":"2022-03-31T16:36:40","date_gmt":"2022-03-31T14:36:40","guid":{"rendered":"https:\/\/alpha-theta-coaching.de\/?post_type=product&#038;p=1082"},"modified":"2024-10-05T15:38:52","modified_gmt":"2024-10-05T13:38:52","slug":"thetahealing-retreat-lagos-portugal","status":"publish","type":"product","link":"http:\/\/alpha-theta-coaching.de\/pt\/produto\/thetahealing-retreat-lagos-portugal\/","title":{"rendered":"Retiro ThetaHealing\u00ae Lagos, Portugal"},"content":{"rendered":"<p>Participe num retiro ThetaHealing\u00ae em Lagos, Portugal e complete os tr\u00eas cursos ADN B\u00e1sico, ADN Avan\u00e7ado e Dig Deeper!<\/p>\n<p>Ao final de cada curso, voc\u00ea receber\u00e1 um certificado da THInK\u00ae que lhe permite iniciar as atividades de coaching. Al\u00e9m disso, os tr\u00eas cursos s\u00e3o o pr\u00e9-requisito para a forma\u00e7\u00e3o cont\u00ednua como professor de ThetaHealing\u00ae.<\/p>\n<h3>Os retiros atualmente planejados com todas as datas e hor\u00e1rios podem ser encontrados em <a href=\"http:\/\/alpha-theta-coaching.de\/pt\/trabalho-energetico\/\">\"Cursos atuais\"<\/a>.<\/h3>","protected":false},"excerpt":{"rendered":"<p>Participe num retiro ThetaHealing\u00ae em Lagos, Portugal e complete os tr\u00eas cursos ADN B\u00e1sico, ADN Avan\u00e7ado e Dig Deeper!<\/p>","protected":false},"featured_media":1077,"comment_status":"closed","ping_status":"closed","template":"","meta":{"_et_pb_use_builder":"","_et_pb_old_content":"","_et_gb_content_width":""},"product_brand":[],"product_cat":[45,50],"product_tag":[],"class_list":{"0":"post-1082","1":"product","2":"type-product","3":"status-publish","4":"has-post-thumbnail","6":"product_cat-thetahealing-kurs","7":"product_cat-retreat","9":"first","10":"instock","11":"featured","12":"virtual","13":"purchasable","14":"product-type-simple"},"_links":{"self":[{"href":"http:\/\/alpha-theta-coaching.de\/pt\/wp-json\/wp\/v2\/product\/1082","targetHints":{"allow":["GET"]}}],"collection":[{"href":"http:\/\/alpha-theta-coaching.de\/pt\/wp-json\/wp\/v2\/product"}],"about":[{"href":"http:\/\/alpha-theta-coaching.de\/pt\/wp-json\/wp\/v2\/types\/product"}],"replies":[{"embeddable":true,"href":"http:\/\/alpha-theta-coaching.de\/pt\/wp-json\/wp\/v2\/comments?post=1082"}],"wp:featuredmedia":[{"embeddable":true,"href":"http:\/\/alpha-theta-coaching.de\/pt\/wp-json\/wp\/v2\/media\/1077"}],"wp:attachment":[{"href":"http:\/\/alpha-theta-coaching.de\/pt\/wp-json\/wp\/v2\/media?parent=1082"}],"wp:term":[{"taxonomy":"product_brand","embeddable":true,"href":"http:\/\/alpha-theta-coaching.de\/pt\/wp-json\/wp\/v2\/product_brand?post=1082"},{"taxonomy":"product_cat","embeddable":true,"href":"http:\/\/alpha-theta-coaching.de\/pt\/wp-json\/wp\/v2\/product_cat?post=1082"},{"taxonomy":"product_tag","embeddable":true,"href":"http:\/\/alpha-theta-coaching.de\/pt\/wp-json\/wp\/v2\/product_tag?post=1082"}],"curies":[{"name":"wp","href":"https:\/\/api.w.org\/{rel}","templated":true}]}}