{"id":394,"date":"2021-05-09T11:44:40","date_gmt":"2021-05-09T09:44:40","guid":{"rendered":"https:\/\/alpha-theta-coaching.de\/?page_id=394"},"modified":"2022-03-31T16:24:06","modified_gmt":"2022-03-31T14:24:06","slug":"thetahealing-coaching-online-ausbildung","status":"publish","type":"page","link":"https:\/\/alpha-theta-coaching.de\/de\/thetahealing-coaching-online-ausbildung\/","title":{"rendered":"ThetaHealing\u00ae Coachings, online Ausbildungen und Kurse"},"content":{"rendered":"<p>[et_pb_section fb_built=&#8220;1&#8243; admin_label=&#8220;section&#8220; _builder_version=&#8220;4.16&#8243; background_enable_color=&#8220;off&#8220; use_background_color_gradient=&#8220;on&#8220; background_color_gradient_stops=&#8220;rgba(255,255,255,0.95) 0%|rgba(255,255,255,0.99) 100%&#8220; background_color_gradient_overlays_image=&#8220;on&#8220; background_color_gradient_start=&#8220;rgba(255,255,255,0.95)&#8220; background_color_gradient_end=&#8220;rgba(255,255,255,0.99)&#8220; background_image=&#8220;https:\/\/alpha-theta-coaching.de\/wp-content\/uploads\/2020\/02\/lebensblume_white.jpg&#8220; global_colors_info=&#8220;{}&#8220;][et_pb_row admin_label=&#8220;row&#8220; _builder_version=&#8220;4.16&#8243; background_enable_image=&#8220;off&#8220; background_size=&#8220;initial&#8220; background_position=&#8220;top_left&#8220; background_repeat=&#8220;repeat&#8220; global_colors_info=&#8220;{}&#8220;][et_pb_column type=&#8220;4_4&#8243; _builder_version=&#8220;4.16&#8243; custom_padding=&#8220;|||&#8220; global_colors_info=&#8220;{}&#8220; custom_padding__hover=&#8220;|||&#8220;][et_pb_text _builder_version=&#8220;4.16&#8243; _module_preset=&#8220;default&#8220; header_font=&#8220;Amatic SC|700|||||||&#8220; header_font_size=&#8220;56px&#8220; global_colors_info=&#8220;{}&#8220;]<\/p>\n<h1>ThetaHealing\u00ae Coachings, online Ausbildungen und Kurse<\/h1>\n<p>[\/et_pb_text][et_pb_text _builder_version=&#8220;4.16&#8243; _module_preset=&#8220;default&#8220; locked=&#8220;off&#8220; global_colors_info=&#8220;{}&#8220;]<\/p>\n<h3>Inhaltsverzeichnis<\/h3>\n<ul>\n<li><a href=\"#Einleitung\">Einleitung<\/a><\/li>\n<li><a href=\"#WasIst\">Was ist Theta Healing\u00ae?<\/a><\/li>\n<li><a href=\"#FAQ\">Antworten auf h\u00e4ufig gestellte Fragen<\/a><\/li>\n<li><a href=\"#Erfahrungsberichte\">Erfahrungsberichte<\/a><\/li>\n<li><a href=\"#kurse\">Kurstermine<\/a><\/li>\n<\/ul>\n<p>[\/et_pb_text][\/et_pb_column][\/et_pb_row][et_pb_row column_structure=&#8220;2_5,3_5&#8243; module_id=&#8220;Einleitung&#8220; _builder_version=&#8220;4.16&#8243; global_colors_info=&#8220;{}&#8220;][et_pb_column type=&#8220;2_5&#8243; _builder_version=&#8220;4.16&#8243; global_colors_info=&#8220;{}&#8220;][et_pb_image src=&#8220;https:\/\/alpha-theta-coaching.de\/wp-content\/uploads\/2021\/05\/ThetaHealingWaldweg.jpg&#8220; alt=&#8220;ThetaHealing Waldweg&#8220; title_text=&#8220;ThetaHealing Waldweg&#8220; show_in_lightbox=&#8220;on&#8220; admin_label=&#8220;Portrait Portugal&#8220; _builder_version=&#8220;4.16&#8243; box_shadow_style=&#8220;preset2&#8243; global_colors_info=&#8220;{}&#8220;][\/et_pb_image][\/et_pb_column][et_pb_column type=&#8220;3_5&#8243; _builder_version=&#8220;4.16&#8243; global_colors_info=&#8220;{}&#8220;][et_pb_text admin_label=&#8220;Mein Weg 1&#8243; _builder_version=&#8220;4.16&#8243; background_size=&#8220;initial&#8220; background_position=&#8220;top_left&#8220; background_repeat=&#8220;repeat&#8220; global_colors_info=&#8220;{}&#8220;]<\/p>\n<p>M\u00f6chtest du erfahren, dass es m\u00f6glich ist, dein Leben erf\u00fcllt und selbst zu gestalten? M\u00f6chtest du wissen, wie es geht, das \u00fcber Bord zu werfen, was dir nicht dienlich ist und dich blockiert? Dann ist ThetaHealing\u00ae ganz sicher auch etwas f\u00fcr dich und du kannst davon ausgehen, dass es kein Zufall ist, dass du dich gerade angesprochen f\u00fchlst.<br \/>\nAls ThetaHealing\u00ae Coach darf ich staunend und mit tiefer innerer Freude und Dankbarkeit die Prozesse meiner Klienten begleiten.<br \/>\nAls ThetaHealing\u00ae Lehrerin freue ich mich, dir diese Technik an die Hand zu geben, damit auch du dir dieses wunderbare Werkzeug f\u00fcr ein erf\u00fcllteres, gl\u00fccklicheres Leben f\u00fcr dich und f\u00fcr andere Menschen zu Nutze machen kannst.<\/p>\n<p>[\/et_pb_text][\/et_pb_column][\/et_pb_row][et_pb_row column_structure=&#8220;3_5,2_5&#8243; admin_label=&#8220;Was Ist&#8220; module_id=&#8220;WasIst&#8220; _builder_version=&#8220;4.16&#8243; global_colors_info=&#8220;{}&#8220;][et_pb_column type=&#8220;3_5&#8243; _builder_version=&#8220;4.16&#8243; global_colors_info=&#8220;{}&#8220;][et_pb_text admin_label=&#8220;Mein Weg 2&#8243; _builder_version=&#8220;4.16&#8243; background_size=&#8220;initial&#8220; background_position=&#8220;top_left&#8220; background_repeat=&#8220;repeat&#8220; global_colors_info=&#8220;{}&#8220;]<\/p>\n<h3>Was\u00a0\u00a0ist Theta Healing\u00ae?<\/h3>\n<p>Warum stossen wir immer wieder auf dieselben Themen und Blockaden in unserem Leben? Warum haben wir oft das Gef\u00fchl, dass wir uns gar nicht entscheiden d\u00fcrfen und unser Leben uns lebt, statt dass wir es kreativ und gl\u00fccklich f\u00fcr uns gestalten k\u00f6nnen?<br \/>Mit ThetaHealing\u00ae lernen wir, mit Werkzeugen zu arbeiten, die uns erm\u00e4chtigen, unser Leben selbst in die Hand zu nehmen. Wir lernen, durch innere Arbeit Blockaden aufzusp\u00fcren, anzuschauen und aufzul\u00f6sen. Wir stossen damit unsere inneren Heilungsprozesse auf allen Ebenen an &#8211; k\u00f6rperlich, geistig und seelisch.<\/p>\n<p>Wir \u00fcben und lernen im ThetaHealing\u00ae unser Gehirn in den \u201eTheta\u201c-Zustand zu bringen. Dies ist eine Hirnwellenfrequenz, die auf einem EEG sichtbar gemacht werden kann. Dieser Zustand wird in der tiefen Enstpannung und in der Meditation erreicht. Er erm\u00f6glicht uns den Zugang und die transformierende innere Arbeit an unterbewussten Themen.<\/p>\n<p>[\/et_pb_text][\/et_pb_column][et_pb_column type=&#8220;2_5&#8243; _builder_version=&#8220;4.16&#8243; global_colors_info=&#8220;{}&#8220;][et_pb_image src=&#8220;https:\/\/alpha-theta-coaching.de\/wp-content\/uploads\/2021\/05\/ThetaHealing-Treetops.jpg&#8220; alt=&#8220;ThetaHealing Treetops&#8220; title_text=&#8220;ThetaHealing Treetops&#8220; show_in_lightbox=&#8220;on&#8220; admin_label=&#8220;Meditation am Strand&#8220; _builder_version=&#8220;4.16&#8243; box_shadow_style=&#8220;preset2&#8243; global_colors_info=&#8220;{}&#8220;][\/et_pb_image][\/et_pb_column][\/et_pb_row][et_pb_row _builder_version=&#8220;4.16&#8243; global_colors_info=&#8220;{}&#8220;][et_pb_column type=&#8220;4_4&#8243; _builder_version=&#8220;4.16&#8243; global_colors_info=&#8220;{}&#8220;][et_pb_text admin_label=&#8220;spirituelle Ausbildung&#8220; _builder_version=&#8220;4.16&#8243; global_colors_info=&#8220;{}&#8220;]<\/p>\n<p>ThetaHealing\u00ae macht es m\u00f6glich, dass wir ergr\u00fcnden, warum wir leiden, ungl\u00fccklich sind, in unserem Leben \u201evor uns hind\u00fcmpeln\u201c oder auch krank werden k\u00f6nnen und gibt uns Antworten &#8211; auch f\u00fcr die L\u00f6sungen unserer Probleme. Wir lernen, wie es geht und wie es sich anf\u00fchlt, unsere Lebensrealit\u00e4t selbst zu erschaffen. Und das mit immer wieder erstaunlicher und wunderbarer Leichtigkeit.<\/p>\n<p>ThetaHealing\u00ae ist eine von Vianna Stibal (USA) entwickelte Methode. Jeder Mensch kann sie lernen und anwenden. Die Integration der Techniken des ThetaHealing\u00ae hat schon enorm vielen Menschen geholfen, ihr Leben positiv zu ver\u00e4ndern.<\/p>\n<p>[\/et_pb_text][et_pb_button button_url=&#8220;https:\/\/alpha-theta-coaching.de\/terminanfrage\/&#8220; button_text=&#8220;Interesse? Dann schick mir eine Anfrage.&#8220; _builder_version=&#8220;4.16&#8243; _module_preset=&#8220;default&#8220; global_colors_info=&#8220;{}&#8220;][\/et_pb_button][et_pb_divider show_divider=&#8220;off&#8220; _builder_version=&#8220;4.16&#8243; _module_preset=&#8220;default&#8220; global_colors_info=&#8220;{}&#8220;][\/et_pb_divider][\/et_pb_column][\/et_pb_row][et_pb_row admin_label=&#8220;FAQ&#8220; module_id=&#8220;FAQ&#8220; _builder_version=&#8220;4.16&#8243; _module_preset=&#8220;default&#8220; global_colors_info=&#8220;{}&#8220;][et_pb_column type=&#8220;4_4&#8243; _builder_version=&#8220;4.16&#8243; _module_preset=&#8220;default&#8220; global_colors_info=&#8220;{}&#8220;][et_pb_text _builder_version=&#8220;4.16&#8243; _module_preset=&#8220;default&#8220; global_colors_info=&#8220;{}&#8220;]<\/p>\n<h2>Antworten auf h\u00e4ufig gestellte Fragen<\/h2>\n<p>[\/et_pb_text][et_pb_accordion toggle_icon=&#8220;&#xf128;||fa||900&#8243; icon_color=&#8220;#000000&#8243; use_icon_font_size=&#8220;on&#8220; icon_font_size=&#8220;22px&#8220; admin_label=&#8220;FAQ&#8220; _builder_version=&#8220;4.16&#8243; _module_preset=&#8220;default&#8220; toggle_level=&#8220;h4&#8243; rank_math_faq_schema=&#8220;on&#8220; global_colors_info=&#8220;{}&#8220;][et_pb_accordion_item title=&#8220;Was ist ThetaHealing\u00ae?&#8220; open=&#8220;on&#8220; _builder_version=&#8220;4.16&#8243; _module_preset=&#8220;default&#8220; global_colors_info=&#8220;{}&#8220;]ThetaHealing\u00ae ist eine Methode, die das Potenzial hat, dein Leben zu transformieren. Sie wurde entwickelt von Vianna Stibal, die damit eine schwere Krankheit bei sich selbst in die vollst\u00e4ndige Heilung gebracht hat.[\/et_pb_accordion_item][et_pb_accordion_item title=&#8220;Wie geht ThetaHealing\u00ae?&#8220; _builder_version=&#8220;4.16&#8243; _module_preset=&#8220;default&#8220; global_colors_info=&#8220;{}&#8220; open=&#8220;off&#8220;]<\/p>\n<p>Im ThetaHealing\u00ae verbinden wir durch eine bestimmte Meditationstechnik, die uns in den Thetazustand-einen enspannten Zustand in unserem Gehirn bringt. Sie erlaubt es uns, mit der Kraft der Sch\u00f6pfung, dem morphogenetischen Feld, dem Universum-je nachdem, welches Wort du am liebsten benutzt- in Verbindung zu kommen. Im geminesamen Gespr\u00e4ch und mit kinesiologischen Muskeltests werden Glaubenss\u00e4tze unserer Klienten aufgesp\u00fcrt, die ihnen nicht mehr dienlich sind und mit Hilfe der Sch\u00f6pferkraft in die Aufl\u00f6sung gebracht, so dass neue Wege frei gemacht werden.<\/p>\n<p>[\/et_pb_accordion_item][et_pb_accordion_item title=&#8220;Was kostet eine ThetaHealing\u00ae Sitzung?&#8220; _builder_version=&#8220;4.16&#8243; _module_preset=&#8220;default&#8220; global_colors_info=&#8220;{}&#8220; open=&#8220;off&#8220;]Eine ThetaHealing\u00ae Sitzung kostet zwischen 60\u20ac und 120\u20ac, je nachdem, wie zeitaufw\u00e4ndig die Sitzung ist.[\/et_pb_accordion_item][et_pb_accordion_item title=&#8220;Was ist \u201eTheta Meditation\u201c?&#8220; _builder_version=&#8220;4.16&#8243; _module_preset=&#8220;default&#8220; global_colors_info=&#8220;{}&#8220; open=&#8220;off&#8220;]<\/p>\n<p>In der Theta Meditation streben wir einen entspannte Zustand im Gehirn an, der daf\u00fcr sorgt, dass die Gehirnwellen zwischen 3-8 Hz.<br \/>\nTheta-Gehirnwellen sind w\u00e4hrend tiefer Entspannung, Meditation, Tr\u00e4umen, REM-Schlaf und leichtem Schlaf messbar. Die Thetawelle eignet sich hervorragend zum kreieren. ThetaHealer produzieren durch die h\u00e4ufige Praxis der Thetameditation sehr viel deisen tiefenentspannten Zustand im Gehirn, was auf ihre tiefe Resonanz mit dem Unterbewussten hinweist, eine stabile Anbindung an die Sch\u00f6pferkraft bereitstellt und f\u00fcr sie als Quelle der inspiration dient.<\/p>\n<p>[\/et_pb_accordion_item][\/et_pb_accordion][\/et_pb_column][\/et_pb_row][et_pb_row admin_label=&#8220;Erfahrungsberichte Headline&#8220; module_id=&#8220;Erfahrungsberichte&#8220; _builder_version=&#8220;4.16&#8243; locked=&#8220;off&#8220; global_colors_info=&#8220;{}&#8220;][et_pb_column type=&#8220;4_4&#8243; _builder_version=&#8220;4.16&#8243; global_colors_info=&#8220;{}&#8220;][et_pb_text _builder_version=&#8220;4.16.0&#8243; _module_preset=&#8220;default&#8220; hover_enabled=&#8220;0&#8243; global_colors_info=&#8220;{}&#8220; sticky_enabled=&#8220;0&#8243;]<\/p>\n<h2>Erfahrungsberichte<\/h2>\n<p>Es ist immer wieder sch\u00f6n, von Kursteilnehmern ihre pers\u00f6nliche ThetaHealing Erfahrung geschildert zu bekommen:<\/p>\n<p>[\/et_pb_text][\/et_pb_column][\/et_pb_row][et_pb_row column_structure=&#8220;1_2,1_2&#8243; admin_label=&#8220;Erfahrungsberichte Texte&#8220; _builder_version=&#8220;4.16&#8243; locked=&#8220;off&#8220; global_colors_info=&#8220;{}&#8220;][et_pb_column type=&#8220;1_2&#8243; _builder_version=&#8220;4.16&#8243; global_colors_info=&#8220;{}&#8220;][et_pb_testimonial author=&#8220;A.&#8220; job_title=&#8220;Sept. 2021&#8243; admin_label=&#8220;A.&#8220; _builder_version=&#8220;4.16&#8243; custom_margin=&#8220;||56px||false|false&#8220; box_shadow_style=&#8220;preset2&#8243; global_colors_info=&#8220;{}&#8220;]<\/p>\n<p>Liebe Uta,<\/p>\n<p>von ganzem Herzen danke, dass du mich auf meinem Weg so gut begleitest. Sehr viele Puzzleteile sind nun im DNA Basic Seminar mit deiner Hilfe an den richtigen Platz gefallen, viele F\u00e4higkeiten, die in mir bislang tief und fest geschlafen haben sind durch dein Seminar geweckt worden und noch w\u00e4hrend des Seminars durfte ich feststellen, dass ein altes Verhaltensmuster von mir komplett aufgel\u00f6st worden war. Vielen lieben Dank f\u00fcr deine Zeit, deine wertvolle Hilfe und Unterst\u00fctzung beim &#8222;\u00dcben&#8220; und alle Erkl\u00e4rungen, die du eingebracht hast. Mein Alltag sieht dadurch wesentlich gelassener und auch achtsamer aus, ich bin so dankbar, dass du dieses &#8222;Licht&#8220; in mir angez\u00fcndet hast! Mit gro\u00dfer Vorfreude schaue ich schon auf das kommende Seminar und bin neugierig auf all das, was noch kommt!<\/p>\n<p>Ganz liebe Gr\u00fc\u00dfe, A.<\/p>\n<p>[\/et_pb_testimonial][\/et_pb_column][et_pb_column type=&#8220;1_2&#8243; _builder_version=&#8220;4.16&#8243; global_colors_info=&#8220;{}&#8220;][et_pb_testimonial author=&#8220;T.&#8220; job_title=&#8220;August 2021&#8243; admin_label=&#8220;T.&#8220; _builder_version=&#8220;4.16&#8243; custom_margin=&#8220;||56px||false|false&#8220; box_shadow_style=&#8220;preset2&#8243; global_colors_info=&#8220;{}&#8220;]<\/p>\n<p>Vielen lieben Dank liebe Uta f\u00fcr dieses tolle Seminar. Ich bin immer noch ganz beseelt von den M\u00f6glichkeiten die ich nun dank dem Theta Healing in meinem Leben habe. Die Art und Weise wie Uta einem das Thema erkl\u00e4rt, Beispiele nennt und einen beim selber Anwenden begleitet ist wirklich toll! Ich freue mich schon auf Oktober und den n\u00e4chsten Kurs \ud83d\udc97[\/et_pb_testimonial][\/et_pb_column][\/et_pb_row][et_pb_row admin_label=&#8220;Kurstermine Liste&#8220; module_id=&#8220;Kurse&#8220; _builder_version=&#8220;4.16&#8243; _module_preset=&#8220;default&#8220; global_colors_info=&#8220;{}&#8220;][et_pb_column type=&#8220;4_4&#8243; _builder_version=&#8220;4.16&#8243; _module_preset=&#8220;default&#8220; global_colors_info=&#8220;{}&#8220;][et_pb_text admin_label=&#8220;\u00dcberschrift&#8220; module_id=&#8220;kurse&#8220; _builder_version=&#8220;4.16&#8243; _module_preset=&#8220;default&#8220; global_colors_info=&#8220;{}&#8220;]<\/p>\n<h2>Die n\u00e4chsten ThetaHealing\u00ae Kurse<\/h2>\n<p>[\/et_pb_text][dpevent_list dem_select_style=&#8220;style2&#8243; dem_time_format=&#8220;tfhr&#8220; dem_list_category=&#8220;specificcategory&#8220; include_categories=&#8220;12&#8243; dem_list_readmore_txt=&#8220;Mehr Info&#8220; admin_label=&#8220;Theta Healing Events&#8220; _builder_version=&#8220;4.16.0&#8243; _module_preset=&#8220;default&#8220; header_font_size=&#8220;24px&#8220; dem_address_fonts_text_color=&#8220;#E02B20&#8243; dem_address_fonts_font_size=&#8220;18px&#8220; dem_address_fonts_line_height=&#8220;1.9em&#8220; dem_date_fonts_font=&#8220;|800|||||||&#8220; dem_date_fonts_text_color=&#8220;#000000&#8243; dem_time_fonts_font_size=&#8220;16px&#8220; hover_enabled=&#8220;0&#8243; global_colors_info=&#8220;{}&#8220; dem_price_fonts_font_size__hover_enabled=&#8220;off|desktop&#8220; dem_show_event=&#8220;show_upcomming_events&#8220; sticky_enabled=&#8220;0&#8243;][\/dpevent_list][\/et_pb_column][\/et_pb_row][et_pb_row admin_label=&#8220;Warenzeichen&#8220; _builder_version=&#8220;4.16&#8243; _module_preset=&#8220;default&#8220; global_colors_info=&#8220;{}&#8220;][et_pb_column type=&#8220;4_4&#8243; _builder_version=&#8220;4.16&#8243; _module_preset=&#8220;default&#8220; global_colors_info=&#8220;{}&#8220;][et_pb_text admin_label=&#8220;Warenzeichen Text&#8220; _builder_version=&#8220;4.16&#8243; _module_preset=&#8220;default&#8220; text_orientation=&#8220;center&#8220; global_colors_info=&#8220;{}&#8220;]<i>&#8222;ThetaHealing\u00ae und ThetaHealer\u00ae sind eingetragene Warenzeichen von THInK unter\u00a0<a href=\"https:\/\/www.thetahealing.com\" target=\"_blank\" rel=\"noopener nofollow\">www.thetahealing.com<\/a>.<\/i>[\/et_pb_text][\/et_pb_column][\/et_pb_row][\/et_pb_section]<\/p>\n","protected":false},"excerpt":{"rendered":"<p>ThetaHealing\u00ae Coachings, online Ausbildungen und KurseInhaltsverzeichnis Einleitung Was ist Theta Healing\u00ae? Antworten auf h\u00e4ufig gestellte Fragen Erfahrungsberichte Kurstermine M\u00f6chtest du erfahren, dass es m\u00f6glich ist, dein Leben erf\u00fcllt und selbst zu gestalten? M\u00f6chtest du wissen, wie es geht, das \u00fcber Bord zu werfen, was dir nicht dienlich ist und dich blockiert? Dann ist ThetaHealing\u00ae ganz [&hellip;]<\/p>\n","protected":false},"author":1,"featured_media":0,"parent":0,"menu_order":0,"comment_status":"closed","ping_status":"closed","template":"","meta":{"_et_pb_use_builder":"on","_et_pb_old_content":"","_et_gb_content_width":"","footnotes":""},"class_list":["post-394","page","type-page","status-publish","hentry"],"_links":{"self":[{"href":"https:\/\/alpha-theta-coaching.de\/de\/wp-json\/wp\/v2\/pages\/394","targetHints":{"allow":["GET"]}}],"collection":[{"href":"https:\/\/alpha-theta-coaching.de\/de\/wp-json\/wp\/v2\/pages"}],"about":[{"href":"https:\/\/alpha-theta-coaching.de\/de\/wp-json\/wp\/v2\/types\/page"}],"author":[{"embeddable":true,"href":"https:\/\/alpha-theta-coaching.de\/de\/wp-json\/wp\/v2\/users\/1"}],"replies":[{"embeddable":true,"href":"https:\/\/alpha-theta-coaching.de\/de\/wp-json\/wp\/v2\/comments?post=394"}],"version-history":[{"count":0,"href":"https:\/\/alpha-theta-coaching.de\/de\/wp-json\/wp\/v2\/pages\/394\/revisions"}],"wp:attachment":[{"href":"https:\/\/alpha-theta-coaching.de\/de\/wp-json\/wp\/v2\/media?parent=394"}],"curies":[{"name":"wp","href":"https:\/\/api.w.org\/{rel}","templated":true}]}}