{"id":36,"date":"2018-08-14T16:52:46","date_gmt":"2018-08-14T14:52:46","guid":{"rendered":"https:\/\/alpha-theta-coaching.de\/?page_id=36"},"modified":"2021-09-13T17:11:44","modified_gmt":"2021-09-13T15:11:44","slug":"date-inquiry","status":"publish","type":"page","link":"https:\/\/alpha-theta-coaching.de\/en\/terminanfrage\/","title":{"rendered":"Appointment request"},"content":{"rendered":"<p>[et_pb_section fb_built=&#8220;1&#8243; _builder_version=&#8220;4.3.2&#8243; use_background_color_gradient=&#8220;on&#8220; background_color_gradient_start=&#8220;rgba(255,255,255,0.97)&#8220; background_color_gradient_end=&#8220;rgba(255,255,255,0.98)&#8220; background_color_gradient_overlays_image=&#8220;on&#8220; background_image=&#8220;https:\/\/alpha-theta-coaching.de\/wp-content\/uploads\/2020\/02\/lebensblume_white.jpg&#8220; global_colors_info=&#8220;{}&#8220;][et_pb_row _builder_version=&#8220;4.3.2&#8243; global_colors_info=&#8220;{}&#8220;][et_pb_column type=&#8220;4_4&#8243; _builder_version=&#8220;4.3.2&#8243; global_colors_info=&#8220;{}&#8220;][et_pb_post_title meta=&#8220;off&#8220; _builder_version=&#8220;4.3.2&#8243; title_font=&#8220;Amatic SC|700|||||||&#8220; title_font_size=&#8220;64px&#8220; title_line_height=&#8220;1.5em&#8220; title_font_size_tablet=&#8220;60px&#8220; title_font_size_phone=&#8220;60px&#8220; title_font_size_last_edited=&#8220;on|tablet&#8220; title_line_height_tablet=&#8220;1.5em&#8220; title_line_height_phone=&#8220;1em&#8220; title_line_height_last_edited=&#8220;on|tablet&#8220; title_text_shadow_style=&#8220;preset2&#8243; title_text_shadow_color=&#8220;rgba(0,0,0,0.15)&#8220; global_colors_info=&#8220;{}&#8220; title_2_font_size_tablet=&#8220;40px&#8220; title_2_font_size_phone=&#8220;34px&#8220; title_2_font_size_last_edited=&#8220;on|phone&#8220; title_2_line_height_tablet=&#8220;0.5em&#8220; title_2_line_height_phone=&#8220;1.2em&#8220; title_2_line_height_last_edited=&#8220;on|phone&#8220;][\/et_pb_post_title][\/et_pb_column][\/et_pb_row][et_pb_row column_structure=&#8220;3_5,2_5&#8243; _builder_version=&#8220;4.3.2&#8243; global_colors_info=&#8220;{}&#8220;][et_pb_column type=&#8220;3_5&#8243; _builder_version=&#8220;4.3.2&#8243; global_colors_info=&#8220;{}&#8220;][et_pb_text admin_label=&#8220;Wie und wo&#8220; _builder_version=&#8220;4.10.7&#8243; hover_enabled=&#8220;0&#8243; global_colors_info=&#8220;{}&#8220; sticky_enabled=&#8220;0&#8243;]<\/p>\n<p>Mit dem Formular unten kannst du eine Terminanfrage bei mir stellen. Du kannst sowohl TheataHealing oder R\u00fcckf\u00fchrungssitzungen anfragen, als auch Einzelcoachings oder ein Info-Gespr\u00e4ch zum Healy.<\/p>\n<p>[\/et_pb_text][et_pb_text admin_label=&#8220;Wie und wo&#8220; _builder_version=&#8220;4.3.2&#8243; global_colors_info=&#8220;{}&#8220;]<\/p>\n<h3>Wo und wie findet die Sitzung statt?<\/h3>\n<p>Die Sitzungen k\u00f6nnen sowohl eins zu eins abgehalten werden, wenn du zu mir kommst. Sie k\u00f6nnen aber genauso gut online stattfinden \u00fcber Zoom (Software f\u00fcr Videokonferenz) am Computer. Du brauchst daf\u00fcr einen Internetzugang und einen Computer mit Kamera und Mikrofon, was in moderneren Ger\u00e4ten meistens sowieso vorhanden ist. Du kannst dich dann \u00fcber einen Link, den ich dir im Vorfeld per E-Mail zusende, mit mir verbinden. Du solltest daf\u00fcr sorgen, dass du in der N\u00e4he des Computers eine bequeme Sitzgelegenheit hast oder eine Couch oder Liege, auf der du es dir w\u00e4hrend unseres Coachings gem\u00fctlich machen kannst.<\/p>\n<p>Wir k\u00f6nnen das Coaching in Deutscher oder Englischer Sprache abhalten.<\/p>\n<p>[\/et_pb_text][et_pb_text admin_label=&#8220;Vorkenntnisse&#8220; _builder_version=&#8220;4.3.2&#8243; global_colors_info=&#8220;{}&#8220;]<\/p>\n<h3> Brauche ich irgendwelche Vorkenntnisse?<\/h3>\n<p>Nein. Auch wenn du keinerlei Vorerfahrung mit spirituellen Themen hast, ist das v\u00f6llig unwichtig f\u00fcr den Erfolg einer Sitzung. Lediglich deine Offenheit und deine F\u00e4higkeit, anzunehmen, ist von Bedeutung.[\/et_pb_text][et_pb_text admin_label=&#8220;Kosten&#8220; _builder_version=&#8220;4.3.2&#8243; global_colors_info=&#8220;{}&#8220;]<\/p>\n<h3>Was kostet mich ein Coaching?<\/h3>\n<p><span style=\"font-size: 16px;\">Der Preis f\u00fcr dein Coaching betr\u00e4gt f\u00fcr eine Einzelsitzung 150 \u20ac. Dies beinhaltet eine Sitzung, die etwa 90-120 Minuten dauert und ein ca. 20-min\u00fctiges Nachgespr\u00e4ch, das Du bei Bedarf 7-14 Tage nach dem Coaching mit mir f\u00fchren kannst. Wir gleichen darin noch einmal ab, was sich getan hat und ob es noch etwas gibt, das sich in dieser Zeit ergeben hat, das noch Aufmerksamkeit oder Modifikation braucht.<\/span><\/p>\n<p><span>Bei direkter Vereinbarung von drei Terminen betr\u00e4gt der Preis pro Sitzung 125 \u20ac.<span class=\"Apple-converted-space\">\u00a0<\/span><\/span><\/p>\n<p>[\/et_pb_text][et_pb_text admin_label=&#8220;Ein wichtiger Hinweis&#8220; _builder_version=&#8220;4.3.2&#8243; global_colors_info=&#8220;{}&#8220;]<\/p>\n<h3> Ein wichtiger Hinweis\u2026 <\/h3>\n<p>Ein Coaching ersetzt keinen Besuch beim Arzt, Heilpraktiker oder Psychotherapeuten. Ich gebe grunds\u00e4tzlich keine Heil- oder Erfolgsversprechen.\n<\/p>\n<p>[\/et_pb_text][\/et_pb_column][et_pb_column type=&#8220;2_5&#8243; _builder_version=&#8220;4.3.2&#8243; global_colors_info=&#8220;{}&#8220;][et_pb_image src=&#8220;https:\/\/alpha-theta-coaching.de\/wp-content\/uploads\/2020\/02\/Terminanfrage.jpg&#8220; alt=&#8220;Terminanfrage&#8220; title_text=&#8220;Terminanfrage&#8220; align=&#8220;center&#8220; align_tablet=&#8220;&#8220; align_phone=&#8220;&#8220; align_last_edited=&#8220;on|desktop&#8220; _builder_version=&#8220;4.3.2&#8243; height_last_edited=&#8220;off|phone&#8220; max_height_tablet=&#8220;395px&#8220; max_height_phone=&#8220;355px&#8220; max_height_last_edited=&#8220;on|tablet&#8220; box_shadow_style=&#8220;preset2&#8243; global_colors_info=&#8220;{}&#8220;][\/et_pb_image][\/et_pb_column][\/et_pb_row][et_pb_row _builder_version=&#8220;4.3.2&#8243; background_size=&#8220;initial&#8220; background_position=&#8220;top_left&#8220; background_repeat=&#8220;repeat&#8220; custom_margin=&#8220;||51px||false|false&#8220; global_colors_info=&#8220;{}&#8220;][et_pb_column type=&#8220;4_4&#8243; _builder_version=&#8220;3.25&#8243; custom_padding=&#8220;|||&#8220; global_colors_info=&#8220;{}&#8220; custom_padding__hover=&#8220;|||&#8220;][et_pb_contact_form email=&#8220;uta@alpha-theta-coaching.de&#8220; title=&#8220;Terminanfrage&#8220; custom_message=&#8220;Name: %%Name%%||et_pb_line_break_holder||||et_pb_line_break_holder||Email: %%Email%%||et_pb_line_break_holder||||et_pb_line_break_holder||Tel: %%Telefon%%||et_pb_line_break_holder||||et_pb_line_break_holder||Interesse an: %%InteresseAn%%||et_pb_line_break_holder||||et_pb_line_break_holder||Nachricht:||et_pb_line_break_holder||%%Message%%||et_pb_line_break_holder||||et_pb_line_break_holder||||et_pb_line_break_holder||||et_pb_line_break_holder||Zustimmung Datenschutzerkl\u00e4rung und Coaching kein Arztersatz.&#8220; success_message=&#8220;Danke f\u00fcr die Terminanfrage. Ich werde mich schnellstm\u00f6glich mit Terminvorschl\u00e4gen bei Dir melden.&#8220; submit_button_text=&#8220;Anfrage absenden&#8220; module_id=&#8220;et_pb_contact_form_0&#8243; _builder_version=&#8220;4.10.6&#8243; global_colors_info=&#8220;{}&#8220;][et_pb_contact_field field_id=&#8220;Name&#8220; field_title=&#8220;Name&#8220; _builder_version=&#8220;3.16&#8243; global_colors_info=&#8220;{}&#8220; button_text_size__hover_enabled=&#8220;off&#8220; button_one_text_size__hover_enabled=&#8220;off&#8220; button_two_text_size__hover_enabled=&#8220;off&#8220; button_text_color__hover_enabled=&#8220;off&#8220; button_one_text_color__hover_enabled=&#8220;off&#8220; button_two_text_color__hover_enabled=&#8220;off&#8220; button_border_width__hover_enabled=&#8220;off&#8220; button_one_border_width__hover_enabled=&#8220;off&#8220; button_two_border_width__hover_enabled=&#8220;off&#8220; button_border_color__hover_enabled=&#8220;off&#8220; button_one_border_color__hover_enabled=&#8220;off&#8220; button_two_border_color__hover_enabled=&#8220;off&#8220; button_border_radius__hover_enabled=&#8220;off&#8220; button_one_border_radius__hover_enabled=&#8220;off&#8220; button_two_border_radius__hover_enabled=&#8220;off&#8220; button_letter_spacing__hover_enabled=&#8220;off&#8220; button_one_letter_spacing__hover_enabled=&#8220;off&#8220; button_two_letter_spacing__hover_enabled=&#8220;off&#8220; button_bg_color__hover_enabled=&#8220;off&#8220; button_one_bg_color__hover_enabled=&#8220;off&#8220; button_two_bg_color__hover_enabled=&#8220;off&#8220;][\/et_pb_contact_field][et_pb_contact_field field_id=&#8220;Email&#8220; field_title=&#8220;E-Mail-Adresse&#8220; field_type=&#8220;email&#8220; _builder_version=&#8220;3.16&#8243; global_colors_info=&#8220;{}&#8220; button_text_size__hover_enabled=&#8220;off&#8220; button_one_text_size__hover_enabled=&#8220;off&#8220; button_two_text_size__hover_enabled=&#8220;off&#8220; button_text_color__hover_enabled=&#8220;off&#8220; button_one_text_color__hover_enabled=&#8220;off&#8220; button_two_text_color__hover_enabled=&#8220;off&#8220; button_border_width__hover_enabled=&#8220;off&#8220; button_one_border_width__hover_enabled=&#8220;off&#8220; button_two_border_width__hover_enabled=&#8220;off&#8220; button_border_color__hover_enabled=&#8220;off&#8220; button_one_border_color__hover_enabled=&#8220;off&#8220; button_two_border_color__hover_enabled=&#8220;off&#8220; button_border_radius__hover_enabled=&#8220;off&#8220; button_one_border_radius__hover_enabled=&#8220;off&#8220; button_two_border_radius__hover_enabled=&#8220;off&#8220; button_letter_spacing__hover_enabled=&#8220;off&#8220; button_one_letter_spacing__hover_enabled=&#8220;off&#8220; button_two_letter_spacing__hover_enabled=&#8220;off&#8220; button_bg_color__hover_enabled=&#8220;off&#8220; button_one_bg_color__hover_enabled=&#8220;off&#8220; button_two_bg_color__hover_enabled=&#8220;off&#8220;][\/et_pb_contact_field][et_pb_contact_field field_id=&#8220;Telefon&#8220; field_title=&#8220;Telefonnummer&#8220; allowed_symbols=&#8220;alphanumeric&#8220; _builder_version=&#8220;4.3.2&#8243; global_colors_info=&#8220;{}&#8220; button_text_size__hover_enabled=&#8220;off&#8220; button_one_text_size__hover_enabled=&#8220;off&#8220; button_two_text_size__hover_enabled=&#8220;off&#8220; button_text_color__hover_enabled=&#8220;off&#8220; button_one_text_color__hover_enabled=&#8220;off&#8220; button_two_text_color__hover_enabled=&#8220;off&#8220; button_border_width__hover_enabled=&#8220;off&#8220; button_one_border_width__hover_enabled=&#8220;off&#8220; button_two_border_width__hover_enabled=&#8220;off&#8220; button_border_color__hover_enabled=&#8220;off&#8220; button_one_border_color__hover_enabled=&#8220;off&#8220; button_two_border_color__hover_enabled=&#8220;off&#8220; button_border_radius__hover_enabled=&#8220;off&#8220; button_one_border_radius__hover_enabled=&#8220;off&#8220; button_two_border_radius__hover_enabled=&#8220;off&#8220; button_letter_spacing__hover_enabled=&#8220;off&#8220; button_one_letter_spacing__hover_enabled=&#8220;off&#8220; button_two_letter_spacing__hover_enabled=&#8220;off&#8220; button_bg_color__hover_enabled=&#8220;off&#8220; button_one_bg_color__hover_enabled=&#8220;off&#8220; button_two_bg_color__hover_enabled=&#8220;off&#8220;][\/et_pb_contact_field][et_pb_contact_field field_id=&#8220;Message&#8220; field_title=&#8220;Nachricht&#8220; field_type=&#8220;text&#8220; fullwidth_field=&#8220;on&#8220; _builder_version=&#8220;3.16&#8243; global_colors_info=&#8220;{}&#8220; button_text_size__hover_enabled=&#8220;off&#8220; button_one_text_size__hover_enabled=&#8220;off&#8220; button_two_text_size__hover_enabled=&#8220;off&#8220; button_text_color__hover_enabled=&#8220;off&#8220; button_one_text_color__hover_enabled=&#8220;off&#8220; button_two_text_color__hover_enabled=&#8220;off&#8220; button_border_width__hover_enabled=&#8220;off&#8220; button_one_border_width__hover_enabled=&#8220;off&#8220; button_two_border_width__hover_enabled=&#8220;off&#8220; button_border_color__hover_enabled=&#8220;off&#8220; button_one_border_color__hover_enabled=&#8220;off&#8220; button_two_border_color__hover_enabled=&#8220;off&#8220; button_border_radius__hover_enabled=&#8220;off&#8220; button_one_border_radius__hover_enabled=&#8220;off&#8220; button_two_border_radius__hover_enabled=&#8220;off&#8220; button_letter_spacing__hover_enabled=&#8220;off&#8220; button_one_letter_spacing__hover_enabled=&#8220;off&#8220; button_two_letter_spacing__hover_enabled=&#8220;off&#8220; button_bg_color__hover_enabled=&#8220;off&#8220; button_one_bg_color__hover_enabled=&#8220;off&#8220; button_two_bg_color__hover_enabled=&#8220;off&#8220;][\/et_pb_contact_field][et_pb_contact_field field_id=&#8220;InteresseAn&#8220; field_title=&#8220;Ich interessiere mich f\u00fcr:&#8220; field_type=&#8220;radio&#8220; radio_options=&#8220;%91{%22value%22:%22ThetaHealing\u00ae%22,%22checked%22:0,%22dragID%22:-1},{%22value%22:%22Healy%22,%22checked%22:0,%22dragID%22:4},{%22value%22:%22R\u00fcckf\u00fchrung%22,%22checked%22:0,%22dragID%22:0},{%22value%22:%22Coaching, Einzelsitzung ( 150\u20ac )%22,%22checked%22:0,%22dragID%22:1},{%22value%22:%22Coaching, drei Sitzungen ( 3 x 125\u20ac )%22,%22checked%22:0,%22dragID%22:2},{%22value%22:%22etwas anderes (siehe Textfeld)%22,%22checked%22:0,%22dragID%22:3}%93&#8243; _builder_version=&#8220;4.10.6&#8243; global_colors_info=&#8220;{}&#8220;][\/et_pb_contact_field][et_pb_contact_field field_id=&#8220;Zustimmung_KeinArztersatz&#8220; field_title=&#8220;Erkl\u00e4rung&#8220; field_type=&#8220;checkbox&#8220; checkbox_options=&#8220;%91{%22value%22:%22Ich habe verstanden, das ein Coaching keinen Besuch beim Arzt, Heilpraktiker oder Psychotherapeuten ersetzt und keine Heil- oder Erfolgsversprechen gegeben werden.%22,%22checked%22:0,%22dragID%22:-1}%93&#8243; _builder_version=&#8220;4.3.2&#8243; global_colors_info=&#8220;{}&#8220; button_text_size__hover_enabled=&#8220;off&#8220; button_one_text_size__hover_enabled=&#8220;off&#8220; button_two_text_size__hover_enabled=&#8220;off&#8220; button_text_color__hover_enabled=&#8220;off&#8220; button_one_text_color__hover_enabled=&#8220;off&#8220; button_two_text_color__hover_enabled=&#8220;off&#8220; button_border_width__hover_enabled=&#8220;off&#8220; button_one_border_width__hover_enabled=&#8220;off&#8220; button_two_border_width__hover_enabled=&#8220;off&#8220; button_border_color__hover_enabled=&#8220;off&#8220; button_one_border_color__hover_enabled=&#8220;off&#8220; button_two_border_color__hover_enabled=&#8220;off&#8220; button_border_radius__hover_enabled=&#8220;off&#8220; button_one_border_radius__hover_enabled=&#8220;off&#8220; button_two_border_radius__hover_enabled=&#8220;off&#8220; button_letter_spacing__hover_enabled=&#8220;off&#8220; button_one_letter_spacing__hover_enabled=&#8220;off&#8220; button_two_letter_spacing__hover_enabled=&#8220;off&#8220; button_bg_color__hover_enabled=&#8220;off&#8220; button_one_bg_color__hover_enabled=&#8220;off&#8220; button_two_bg_color__hover_enabled=&#8220;off&#8220;][\/et_pb_contact_field][et_pb_contact_field field_id=&#8220;Datenschutzerkl\u00e4rung_akzeptiert&#8220; field_title=&#8220;Datenschutzerkl\u00e4rung&#8220; field_type=&#8220;checkbox&#8220; checkbox_options=&#8220;%91{%22value%22:%22Datenschutzerkl\u00e4rung gelesen und akzeptiert %22,%22checked%22:0,%22dragID%22:-1,%22link_url%22:%22https:\/\/alpha-theta-coaching.de\/datenschutzerklaerung\/%22,%22link_text%22:%22Link zur Datenschutzerkl\u00e4rung%22}%93&#8243; _builder_version=&#8220;4.9.4&#8243; form_field_font=&#8220;||||||||&#8220; link_option_url_new_window=&#8220;on&#8220; global_colors_info=&#8220;{}&#8220; button_text_size__hover_enabled=&#8220;off&#8220; button_one_text_size__hover_enabled=&#8220;off&#8220; button_two_text_size__hover_enabled=&#8220;off&#8220; button_text_color__hover_enabled=&#8220;off&#8220; button_one_text_color__hover_enabled=&#8220;off&#8220; button_two_text_color__hover_enabled=&#8220;off&#8220; button_border_width__hover_enabled=&#8220;off&#8220; button_one_border_width__hover_enabled=&#8220;off&#8220; button_two_border_width__hover_enabled=&#8220;off&#8220; button_border_color__hover_enabled=&#8220;off&#8220; button_one_border_color__hover_enabled=&#8220;off&#8220; button_two_border_color__hover_enabled=&#8220;off&#8220; button_border_radius__hover_enabled=&#8220;off&#8220; button_one_border_radius__hover_enabled=&#8220;off&#8220; button_two_border_radius__hover_enabled=&#8220;off&#8220; button_letter_spacing__hover_enabled=&#8220;off&#8220; button_one_letter_spacing__hover_enabled=&#8220;off&#8220; button_two_letter_spacing__hover_enabled=&#8220;off&#8220; button_bg_color__hover_enabled=&#8220;off&#8220; button_one_bg_color__hover_enabled=&#8220;off&#8220; button_two_bg_color__hover_enabled=&#8220;off&#8220;][\/et_pb_contact_field][\/et_pb_contact_form][\/et_pb_column][\/et_pb_row][\/et_pb_section]<\/p>\n","protected":false},"excerpt":{"rendered":"<p>Mit dem Formular unten kannst du eine Terminanfrage bei mir stellen. Du kannst sowohl TheataHealing oder R\u00fcckf\u00fchrungssitzungen anfragen, als auch Einzelcoachings oder ein Info-Gespr\u00e4ch zum Healy.Wo und wie findet die Sitzung statt? Die Sitzungen k\u00f6nnen sowohl eins zu eins abgehalten werden, wenn du zu mir kommst. Sie k\u00f6nnen aber genauso gut online stattfinden \u00fcber Zoom [&hellip;]<\/p>\n","protected":false},"author":1,"featured_media":0,"parent":0,"menu_order":0,"comment_status":"closed","ping_status":"closed","template":"","meta":{"_et_pb_use_builder":"on","_et_pb_old_content":"","_et_gb_content_width":"","footnotes":""},"class_list":["post-36","page","type-page","status-publish","hentry"],"_links":{"self":[{"href":"https:\/\/alpha-theta-coaching.de\/en\/wp-json\/wp\/v2\/pages\/36","targetHints":{"allow":["GET"]}}],"collection":[{"href":"https:\/\/alpha-theta-coaching.de\/en\/wp-json\/wp\/v2\/pages"}],"about":[{"href":"https:\/\/alpha-theta-coaching.de\/en\/wp-json\/wp\/v2\/types\/page"}],"author":[{"embeddable":true,"href":"https:\/\/alpha-theta-coaching.de\/en\/wp-json\/wp\/v2\/users\/1"}],"replies":[{"embeddable":true,"href":"https:\/\/alpha-theta-coaching.de\/en\/wp-json\/wp\/v2\/comments?post=36"}],"version-history":[{"count":0,"href":"https:\/\/alpha-theta-coaching.de\/en\/wp-json\/wp\/v2\/pages\/36\/revisions"}],"wp:attachment":[{"href":"https:\/\/alpha-theta-coaching.de\/en\/wp-json\/wp\/v2\/media?parent=36"}],"curies":[{"name":"wp","href":"https:\/\/api.w.org\/{rel}","templated":true}]}}