{"id":829,"date":"2021-09-25T12:06:39","date_gmt":"2021-09-25T10:06:39","guid":{"rendered":"https:\/\/alpha-theta-coaching.de\/produkt\/album-2\/"},"modified":"2024-10-05T15:38:52","modified_gmt":"2024-10-05T13:38:52","slug":"affirmieren_spring-ins-feld","status":"publish","type":"product","link":"https:\/\/alpha-theta-coaching.de\/pt\/produto\/affirm_spring_in-field\/","title":{"rendered":"Salte para o campo - um curso em v\u00eddeo para uma afirma\u00e7\u00e3o bem sucedida"},"content":{"rendered":"<p>Voc\u00ea \u00e0s vezes n\u00e3o sabe o que dizer? Quando queremos nos manifestar a partir do campo morfogen\u00e9tico, \u00e0s vezes n\u00e3o \u00e9 t\u00e3o f\u00e1cil encontrar a \"mensagem\" certa. Quais s\u00e3o as palavras certas? Como fa\u00e7o para que se sinta coerente e \"acerte no nervo\" com o que eu quero alcan\u00e7ar ao afirmar? Isto \u00e9 exactamente o que vamos ver neste v\u00eddeo de uma hora e aprender a faz\u00ea-lo!<\/p>\n<h2> Afirma\u00e7\u00e3o facilitada!<\/h2>\n<p>Ap\u00f3s sua compra e pagamento, voc\u00ea receber\u00e1 um link secreto do YouTube que poder\u00e1 usar para assistir ao v\u00eddeo quantas vezes quiser.<\/p>\n<p>Este v\u00eddeo \u00e9 uma produ\u00e7\u00e3o conjunta de Uta Minzberg (Alpha-Theta Coaching) e Petra Neumueller (Soultalks Academy).<\/p>","protected":false},"excerpt":{"rendered":"<p>Formular afirma\u00e7\u00f5es de forma f\u00e1cil e simples<\/p>","protected":false},"featured_media":453,"comment_status":"open","ping_status":"closed","template":"","meta":{"_et_pb_use_builder":"","_et_pb_old_content":"","_et_gb_content_width":""},"product_brand":[],"product_cat":[42],"product_tag":[43,44],"class_list":{"0":"post-829","1":"product","2":"type-product","3":"status-publish","4":"has-post-thumbnail","6":"product_cat-video","7":"product_tag-affirmation","8":"product_tag-video","10":"first","11":"instock","12":"downloadable","13":"virtual","14":"purchasable","15":"product-type-simple"},"_links":{"self":[{"href":"https:\/\/alpha-theta-coaching.de\/pt\/wp-json\/wp\/v2\/product\/829","targetHints":{"allow":["GET"]}}],"collection":[{"href":"https:\/\/alpha-theta-coaching.de\/pt\/wp-json\/wp\/v2\/product"}],"about":[{"href":"https:\/\/alpha-theta-coaching.de\/pt\/wp-json\/wp\/v2\/types\/product"}],"replies":[{"embeddable":true,"href":"https:\/\/alpha-theta-coaching.de\/pt\/wp-json\/wp\/v2\/comments?post=829"}],"wp:featuredmedia":[{"embeddable":true,"href":"https:\/\/alpha-theta-coaching.de\/pt\/wp-json\/wp\/v2\/media\/453"}],"wp:attachment":[{"href":"https:\/\/alpha-theta-coaching.de\/pt\/wp-json\/wp\/v2\/media?parent=829"}],"wp:term":[{"taxonomy":"product_brand","embeddable":true,"href":"https:\/\/alpha-theta-coaching.de\/pt\/wp-json\/wp\/v2\/product_brand?post=829"},{"taxonomy":"product_cat","embeddable":true,"href":"https:\/\/alpha-theta-coaching.de\/pt\/wp-json\/wp\/v2\/product_cat?post=829"},{"taxonomy":"product_tag","embeddable":true,"href":"https:\/\/alpha-theta-coaching.de\/pt\/wp-json\/wp\/v2\/product_tag?post=829"}],"curies":[{"name":"wp","href":"https:\/\/api.w.org\/{rel}","templated":true}]}}