{"id":837,"date":"2021-09-26T14:26:02","date_gmt":"2021-09-26T12:26:02","guid":{"rendered":"https:\/\/alpha-theta-coaching.de\/?post_type=product&#038;p=837"},"modified":"2024-10-05T15:38:52","modified_gmt":"2024-10-05T13:38:52","slug":"thetahealing-basic-dna-online-kurs","status":"publish","type":"product","link":"https:\/\/alpha-theta-coaching.de\/pt\/produto\/tetahealing-basic-dna-online-curso-2\/","title":{"rendered":"Curso Online ThetaHealing\u00ae Basic DNA"},"content":{"rendered":"<p>Fa\u00e7a um curso ThetaHealing\u00ae Basic DNA Online! <\/p>\n<p>Ao final do semin\u00e1rio voc\u00ea receber\u00e1 o certificado ThetaHealing\u00ae Basic DNA Practicioner do ThInK (ThetaHealing\u00ae Institute of Knowledge), que o marca como um praticante oficial do ThetaHealing\u00ae e lhe d\u00e1 permiss\u00e3o para trabalhar como treinador do ThetaHealing\u00ae.<\/p>\n<h3>Voc\u00ea pode encontrar os cursos e hor\u00e1rios atualmente programados em <a href=\"https:\/\/alpha-theta-coaching.de\/pt\/trabalho-energetico\/\">\"Cursos atuais\"<\/a>.<\/h3>\n<p>Inclu\u00eddo no curso: O livro ThetaHealing\u00ae \"O Poder Curativo da Cria\u00e7\u00e3o\" de Vianna Stibal &amp; o Manual do Semin\u00e1rio B\u00e1sico ThetaHealing\u00ae.<\/p>\n<h3>Reserve Basic &amp; Advanced ao mesmo tempo e ganhe um desconto!<\/h3>\n<p>Se voc\u00ea reservar os dois cursos (B\u00e1sico e Avan\u00e7ado) ao mesmo tempo, voc\u00ea ganha um desconto de 50,- euros. Voc\u00ea pode reservar o pacote do curso <a href=\"https:\/\/alpha-theta-coaching.de\/pt\/produkt\/thetahealing-basic-advanced-dna-online-kurs-paket\/\">livro aqui<\/a>.<\/p>","protected":false},"excerpt":{"rendered":"<p>Participe de um curso ThetaHealing\u00ae Basic DNA Online! Ao final do semin\u00e1rio voc\u00ea receber\u00e1 o certificado ThetaHealing\u00ae Basic DNA Practicioner do ThInK (ThetaHealing\u00ae Institute of Knowledge), que o marca como um praticante oficial do ThetaHealing\u00ae e lhe d\u00e1 permiss\u00e3o para trabalhar como treinador do ThetaHealing\u00ae. Os cursos e hor\u00e1rios actualmente programados podem ser encontrados em [...]<\/p>","protected":false},"featured_media":895,"comment_status":"closed","ping_status":"closed","template":"","meta":{"_et_pb_use_builder":"","_et_pb_old_content":"","_et_gb_content_width":""},"product_brand":[],"product_cat":[45],"product_tag":[],"class_list":{"0":"post-837","1":"product","2":"type-product","3":"status-publish","4":"has-post-thumbnail","6":"product_cat-thetahealing-kurs","8":"first","9":"instock","10":"virtual","11":"purchasable","12":"product-type-simple"},"_links":{"self":[{"href":"https:\/\/alpha-theta-coaching.de\/pt\/wp-json\/wp\/v2\/product\/837","targetHints":{"allow":["GET"]}}],"collection":[{"href":"https:\/\/alpha-theta-coaching.de\/pt\/wp-json\/wp\/v2\/product"}],"about":[{"href":"https:\/\/alpha-theta-coaching.de\/pt\/wp-json\/wp\/v2\/types\/product"}],"replies":[{"embeddable":true,"href":"https:\/\/alpha-theta-coaching.de\/pt\/wp-json\/wp\/v2\/comments?post=837"}],"wp:featuredmedia":[{"embeddable":true,"href":"https:\/\/alpha-theta-coaching.de\/pt\/wp-json\/wp\/v2\/media\/895"}],"wp:attachment":[{"href":"https:\/\/alpha-theta-coaching.de\/pt\/wp-json\/wp\/v2\/media?parent=837"}],"wp:term":[{"taxonomy":"product_brand","embeddable":true,"href":"https:\/\/alpha-theta-coaching.de\/pt\/wp-json\/wp\/v2\/product_brand?post=837"},{"taxonomy":"product_cat","embeddable":true,"href":"https:\/\/alpha-theta-coaching.de\/pt\/wp-json\/wp\/v2\/product_cat?post=837"},{"taxonomy":"product_tag","embeddable":true,"href":"https:\/\/alpha-theta-coaching.de\/pt\/wp-json\/wp\/v2\/product_tag?post=837"}],"curies":[{"name":"wp","href":"https:\/\/api.w.org\/{rel}","templated":true}]}}