{"id":840,"date":"2021-09-26T17:44:42","date_gmt":"2021-09-26T15:44:42","guid":{"rendered":"https:\/\/alpha-theta-coaching.de\/?post_type=product&#038;p=840"},"modified":"2024-10-05T15:38:52","modified_gmt":"2024-10-05T13:38:52","slug":"thetahealing-basic-advanced-dna-online-course-package","status":"publish","type":"product","link":"https:\/\/alpha-theta-coaching.de\/pt\/produto\/thetahealing-basic-advanced-dna-online-kurs-paket\/","title":{"rendered":"Pacote do Curso ThetaHealing\u00ae Basic &amp; Advanced DNA Online"},"content":{"rendered":"<p>Fa\u00e7a os dois cursos ThetaHealing\u00ae Online, ADN B\u00e1sico e ADN Avan\u00e7ado! <\/p>\n<p>Ao final do primeiro semin\u00e1rio (B\u00e1sico) voc\u00ea receber\u00e1 o certificado ThetaHealing\u00ae Basic DNA Practicioner do ThInK (ThetaHealing\u00ae Institute of Knowledge), que o marca como um praticante oficial do ThetaHealing\u00ae e lhe d\u00e1 permiss\u00e3o para trabalhar como treinador do ThetaHealing\u00ae.<\/p>\n<p>Ap\u00f3s a conclus\u00e3o do Semin\u00e1rio Avan\u00e7ado voc\u00ea receber\u00e1 o Certificado ThetaHealing\u00ae Advanced DNA Practicioner do ThInK (ThetaHealing\u00ae Institute of Knowledge), que o designa como um praticante oficial do ThetaHealing\u00ae.<\/p>\n<h3>Todos os cursos e hor\u00e1rios atualmente planejados podem ser encontrados em <a href=\"https:\/\/alpha-theta-coaching.de\/pt\/trabalho-energetico\/\">\"Cursos atuais\"<\/a>.<\/h3>\n<p><strong>Inclu\u00eddo no Curso B\u00e1sico:<\/strong> O livro ThetaHealing\u00ae \"O Poder Curativo da Cria\u00e7\u00e3o\" de Vianna Stibal &amp; o Manual do Semin\u00e1rio B\u00e1sico ThetaHealing\u00ae.<br \/>\n<strong>Inclu\u00eddo no Curso Avan\u00e7ado:<\/strong> O livro \"ThetaHealing\u00ae for Advanced\" de Vianna Stibal &amp; o Manual do Semin\u00e1rio ThetaHealing\u00ae Advanced (em PDF)<\/p>","protected":false},"excerpt":{"rendered":"<p>Nimm an beiden ThetaHealing\u00ae Online Kursen teil, Basic und Advanced DNA! Am Ende des ersten (Basic) Seminars erh\u00e4ltst du das ThetaHealing\u00ae Basic DNA Practicioner Zertifikat von ThInK (ThetaHealing\u00ae Institute of Knowledge), welches dich als offiziellen ThetaHealing\u00ae Practicioner auszeichnet und dir die Erlaubnis erteilt, als ThetaHealing\u00ae Coach t\u00e4tig zu sein. Nach Abschluss des Advanced Seminars erh\u00e4ltst [&hellip;]<\/p>\n","protected":false},"featured_media":896,"comment_status":"closed","ping_status":"closed","template":"","meta":{"_et_pb_use_builder":"","_et_pb_old_content":"","_et_gb_content_width":""},"product_brand":[],"product_cat":[45],"product_tag":[],"class_list":{"0":"post-840","1":"product","2":"type-product","3":"status-publish","4":"has-post-thumbnail","6":"product_cat-thetahealing-kurs","8":"first","9":"instock","10":"virtual","11":"purchasable","12":"product-type-simple"},"_links":{"self":[{"href":"https:\/\/alpha-theta-coaching.de\/pt\/wp-json\/wp\/v2\/product\/840","targetHints":{"allow":["GET"]}}],"collection":[{"href":"https:\/\/alpha-theta-coaching.de\/pt\/wp-json\/wp\/v2\/product"}],"about":[{"href":"https:\/\/alpha-theta-coaching.de\/pt\/wp-json\/wp\/v2\/types\/product"}],"replies":[{"embeddable":true,"href":"https:\/\/alpha-theta-coaching.de\/pt\/wp-json\/wp\/v2\/comments?post=840"}],"wp:featuredmedia":[{"embeddable":true,"href":"https:\/\/alpha-theta-coaching.de\/pt\/wp-json\/wp\/v2\/media\/896"}],"wp:attachment":[{"href":"https:\/\/alpha-theta-coaching.de\/pt\/wp-json\/wp\/v2\/media?parent=840"}],"wp:term":[{"taxonomy":"product_brand","embeddable":true,"href":"https:\/\/alpha-theta-coaching.de\/pt\/wp-json\/wp\/v2\/product_brand?post=840"},{"taxonomy":"product_cat","embeddable":true,"href":"https:\/\/alpha-theta-coaching.de\/pt\/wp-json\/wp\/v2\/product_cat?post=840"},{"taxonomy":"product_tag","embeddable":true,"href":"https:\/\/alpha-theta-coaching.de\/pt\/wp-json\/wp\/v2\/product_tag?post=840"}],"curies":[{"name":"wp","href":"https:\/\/api.w.org\/{rel}","templated":true}]}}