{"id":900,"date":"2021-11-05T11:15:32","date_gmt":"2021-11-05T10:15:32","guid":{"rendered":"https:\/\/alpha-theta-coaching.de\/?post_type=product&#038;p=900"},"modified":"2024-10-05T15:38:52","modified_gmt":"2024-10-05T13:38:52","slug":"tetahealing-advanced-dna-online-course-2","status":"publish","type":"product","link":"https:\/\/alpha-theta-coaching.de\/pt\/produto\/thetahealing-dig-deeper-online-kurs\/","title":{"rendered":"Curso Online ThetaHealing\u00ae Aprofundando no Digging"},"content":{"rendered":"<p>Participe de um curso ThetaHealing\u00ae Dig Deeper Online!<\/p>\n<p><strong>O pr\u00e9-requisito para a participa\u00e7\u00e3o no curso Dig Deeper \u00e9 a participa\u00e7\u00e3o pr\u00e9via em um <a href=\"https:\/\/alpha-theta-coaching.de\/pt\/produto-2\/tetahealing-basic-dna-online-curso-2\/\">ThetaHealing\u00ae DNA B\u00e1sico<\/a> e um <a href=\"https:\/\/alpha-theta-coaching.de\/pt\/produto-2\/tetahealing-advanced-dna-online-course\/\">ThetaHealing\u00ae ADN Avan\u00e7ado<\/a> Claro!<\/strong><\/p>\n<p>No final do semin\u00e1rio voc\u00ea receber\u00e1 o certificado ThetaHealing\u00ae Dig Deeper do ThInK (ThetaHealing\u00ae Institute of Knowledge).<\/p>\n<h3>Voc\u00ea pode encontrar os cursos e hor\u00e1rios atualmente programados em <a href=\"https:\/\/alpha-theta-coaching.de\/pt\/trabalho-energetico\/\">\"Cursos atuais\"<\/a>.<\/h3>\n<p>Inclu\u00eddo no curso: O livro \"ThetaHealing\u00ae Dig Deeper\", de Vianna Stibal<\/p>","protected":false},"excerpt":{"rendered":"<p>Nimm an einem ThetaHealing\u00ae Dig Deeper Online Kurs teil! Voraussetzug zur Teilnahme am Dig Deeper Kurs ist die vorherige Teilnahme an einem ThetaHealing\u00ae Basic DNA und einem ThetaHealing\u00ae Advanced DNA Kurs! Am Ende des Seminars erh\u00e4ltst du das ThetaHealing\u00ae Dig Deeper Zertifikat von ThInK (ThetaHealing\u00ae Institute of Knowledge). Die zur Zeit geplanten Kurse und Zeiten [&hellip;]<\/p>\n","protected":false},"featured_media":902,"comment_status":"closed","ping_status":"closed","template":"","meta":{"_et_pb_use_builder":"","_et_pb_old_content":"","_et_gb_content_width":""},"product_brand":[],"product_cat":[45],"product_tag":[],"class_list":{"0":"post-900","1":"product","2":"type-product","3":"status-publish","4":"has-post-thumbnail","6":"product_cat-thetahealing-kurs","8":"first","9":"instock","10":"virtual","11":"purchasable","12":"product-type-simple"},"_links":{"self":[{"href":"https:\/\/alpha-theta-coaching.de\/pt\/wp-json\/wp\/v2\/product\/900","targetHints":{"allow":["GET"]}}],"collection":[{"href":"https:\/\/alpha-theta-coaching.de\/pt\/wp-json\/wp\/v2\/product"}],"about":[{"href":"https:\/\/alpha-theta-coaching.de\/pt\/wp-json\/wp\/v2\/types\/product"}],"replies":[{"embeddable":true,"href":"https:\/\/alpha-theta-coaching.de\/pt\/wp-json\/wp\/v2\/comments?post=900"}],"wp:featuredmedia":[{"embeddable":true,"href":"https:\/\/alpha-theta-coaching.de\/pt\/wp-json\/wp\/v2\/media\/902"}],"wp:attachment":[{"href":"https:\/\/alpha-theta-coaching.de\/pt\/wp-json\/wp\/v2\/media?parent=900"}],"wp:term":[{"taxonomy":"product_brand","embeddable":true,"href":"https:\/\/alpha-theta-coaching.de\/pt\/wp-json\/wp\/v2\/product_brand?post=900"},{"taxonomy":"product_cat","embeddable":true,"href":"https:\/\/alpha-theta-coaching.de\/pt\/wp-json\/wp\/v2\/product_cat?post=900"},{"taxonomy":"product_tag","embeddable":true,"href":"https:\/\/alpha-theta-coaching.de\/pt\/wp-json\/wp\/v2\/product_tag?post=900"}],"curies":[{"name":"wp","href":"https:\/\/api.w.org\/{rel}","templated":true}]}}