{"id":947,"date":"2021-12-06T21:59:13","date_gmt":"2021-12-06T20:59:13","guid":{"rendered":"https:\/\/alpha-theta-coaching.de\/?post_type=product&#038;p=947"},"modified":"2024-10-05T15:38:52","modified_gmt":"2024-10-05T13:38:52","slug":"pflaster-fuer-die-seele-videokurs","status":"publish","type":"product","link":"https:\/\/alpha-theta-coaching.de\/pt\/produto\/curso-de-video-em-gesso-para-a-alma\/","title":{"rendered":"Gesso para a Alma - Um Curso de V\u00eddeo em 18 Partes (Alem\u00e3o)"},"content":{"rendered":"<p>[et_pb_section fb_built=\"1\u2033 _builder_version=\"3.22\u2033 custom_padding=\"0px||||false|false\" global_colors_info=\"{}\"][et_pb_row _builder_version=\"3.25\u2033 background_size=\"initial\" background_position=\"top_left\" background_repeat=\"repeat\" width=\"100%\" custom_padding=\"0px|||0px|false|false\" global_colors_info=\"{}\"][et_pb_column type=\"4_4\u2033 _builder_version=\"3.25\u2033 custom_padding=\"||||\" global_colors_info=\"{}\" custom_padding__hover=\"||||\"][et_pb_wc_breadcrumb _builder_version=\"3.0.47\u2033 global_colors_info=\"{}\"][\/et_pb_wc_breadcrumb][et_pb_wc_cart_notice global_colors_info=\"{}\"][\/et_pb_wc_cart_notice][\/et_pb_column][\/et_pb_row][et_pb_row _builder_version=\"3.25\u2033 background_size=\"initial\" background_position=\"top_left\" background_repeat=\"repeat\" width=\"100%\" custom_padding=\"0px2\u2033false|false\" global_colors_info=\"{}\" column_structure=\"1_2,1_2\u2033][et_pb_column type=\"1_|||| _builder_version=\"3.25\u2033 custom_padding=\"|||\" global_colors_info=\"{}\" custom_padding__hover=\"|||\"][et_pb_wc_images _builder_version=\"3.0.47\u2033 global_colors_info=\"{}\"][\/et_pb_wc_images][\/et_pb_column][et_pb_column type=\"1_2\u2033 _builder_version=\"3.25\u2033 custom_padding=\"||||\" global_colors_info=\"{}\" custom_padding__hover=\"||||\"][et_pb_wc_title _builder_version=\"3.0.47\u2033 global_colors_info=\"{}\"][\/et_pb_wc_title][et_pb_wc_rating _builder_version=\"3.0.47\u2033 global_colors_info=\"{}\"][\/et_pb_wc_rating][et_pb_wc_price _builder_version=\"3.0.47\u2033 global_colors_info=\"{}\"][\/et_pb_wc_price][et_pb_wc_description _builder_version=\"3.0.47\u2033 global_colors_info=\"{}\"][\/et_pb_wc_description][et_pb_wc_add_to_cart global_colors_info=\"{}\"][\/et_pb_wc_add_to_cart][et_pb_wc_meta _builder_version=\"3.0.47\u2033 global_colors_info=\"{}\"][\/et_pb_wc_meta][\/et_pb_column][\/et_pb_row][et_pb_row _builder_version=\"3.25\u2033 background_size=\"initial\" background_position=\"top_left\" background_repeat=\"repeat\" width=\"100%\" global_colors_info=\"{}\"][et_pb_column type=\"4_4\u2033 _builder_version=\"3.25\u2033 custom_padding=\"||||\" global_colors_info=\"{}\" custom_padding__hover=\"||||\"][et_pb_wc_tabs _builder_version=\"3.0.47\u2033 global_colors_info=\"{}\"][\/et_pb_wc_tabs][et_pb_wc_upsells _builder_version=\"3.0.47\u2033 global_colors_info=\"{}\"][\/et_pb_wc_upsells][et_pb_wc_related_products _builder_version=\"3.0.47\u2033 global_colors_info=\"{}\"][\/et_pb_wc_related_products][\/et_pb_column][\/et_pb_row][\/et_pb_section]<\/p>","protected":false},"excerpt":{"rendered":"","protected":false},"featured_media":959,"comment_status":"closed","ping_status":"closed","template":"","meta":{"_et_pb_use_builder":"on","_et_pb_old_content":"<h3>Pflaster f\u00fcr die Seele<\/h3>\r\n<strong>F\u00fchlst du dich den Umst\u00e4nden ausgeliefert?<\/strong>\r\n\r\nHast du das Gef\u00fchl, machtlos zu sein gegen\u00fcber allem, was gerade ist? F\u00fchlst du dich zuweilen wie ein rohes Ei? Schutzlos, verwundbar, vielleicht auch m\u00fcde und ausgelaugt? Dann k\u00f6nnte es sein, dass dieser Kurs genau richtig ist, um dir die Tools an die Hand zu geben, mit denen du dir im Alltag helfen kannst, wieder in deine Mitte zu kommen, Kraft zu tanken, herauszukommen aus dem \u201eSurvival Mode\u201c.\r\nIch habe dir in diesem Kurs eine Reihe Tools zusammengestellt, die deine Seele streicheln und dir helfen sollen, emotionale Stabilit\u00e4t (wieder) zu finden.\r\nDie Anleitungen und Ideen, die du kennenlernen wirst, arbeiten auf allen Ebenen-K\u00f6rper, Geist und Seele.\r\nDer Kurs besteht aus 18 Episoden. \u00dcber 18 Tage kannst du dir damit jeden Tag eine neue Inspiration holen, die du in deinen Alltag einl\u00e4dst und integrierst.\r\n\r\n[box type=\"shadow\"]<strong>Die ersten 9 Episoden sind bereits ver\u00f6ffentlicht. Die letzten 9 Episoden folgen kurzfristig.<\/strong>[\/box]\r\n<h3>Mehr Infos zu \"Pflaster f\u00fcr die Seele\"<\/h3>\r\nBei ALLEM, was passiert-ich erinnere mich t\u00e4glich daran, dass ich IMMER die Wahl habe, wie ich mit etwas umgehe, wie sehr ich mich von den Dingen, die meine Schwingung nach unten ziehen k\u00f6nnten oder wollen, tats\u00e4chlich nach unten ziehen LASSE. In unserer hiesigen Daseinsform als Mensch ist unser Leben durchzogen von Emotionen. Freude, Trauer, Angst, Liebe, Wut als \u201eKern\u201cemotionen. Zur Freude z\u00e4hle ich auch Gl\u00fcck, Dankbarkeit, zur Wut geh\u00f6rt f\u00fcr mich der Hass, die Agressivit\u00e4t, die Herzensk\u00e4lte, etc. So geh\u00f6rt zu jeder \u201eKern\u201cemotion die ein oder andere Abstufung.\r\nF\u00fcr mein Verst\u00e4ndnis der Seele, die hier auf der Erde eine menschliche Erfahrung macht, sind wir hier, um Emotionen zu f\u00fchlen. Die Meisterschaft ist f\u00fcr mein Emfpinden, sie zu sp\u00fcren- \u201ewahr\u201czunehmen was ist, dann zu schauen, wo es herkommt und dass ich einen Weg finde, sie loszulassen. Den Schritt, das was ist, zu f\u00fchlen -und sei sie noch so schmerzlich- d\u00fcrfen wir nicht umgehen. Das w\u00e4re, als w\u00fcrden wir jedes Mal ein Kapitel in einem Buch \u00fcberspringen, das uns gerade nicht gef\u00e4llt, das aber einen wichtigenTeil der Geschichte beschreibt. Kann man nat\u00fcrlich trotzdem machen. Aber die ganze Geschichte des Buches werden wir auf diese Weise nicht verstehen. Das Prinzip heisst f\u00fcr mich: Sink or Swim. Wachstumsschmerz. Aufstehen, Kr\u00f6nchen richten, weitergehen.\r\nWenn es was zu f\u00fchlen gibt, f\u00fchle es. Die Meisterschaft liegt darin, dann aber nicht zu lange in einer negativen Emotion zu bleiben, die uns im wahrsten Sinne des Wortes und wenn man es von unserer Schwingungsenergie her betrachtet, \u201eherunterzieht\u201c.\r\n\r\n<img class=\"size-medium wp-image-949 alignleft\" src=\"https:\/\/alpha-theta-coaching.de\/wp-content\/uploads\/2021\/12\/PflasterFuerDieSeele-300x200.jpg\" alt=\"Pflaster f\u00fcr die Seele\" width=\"300\" height=\"200\" \/>Ich erinnere mich an eine Alltagssituation im letzten Jahr, w\u00e4hrend des ersten Lockdowns. Ich ging nachmittags gegen 17.00 durch unser St\u00e4dtchen. In dem es um diese Uhrzeit bereits nicht mehr m\u00f6glich war, ein paar Br\u00f6tchen zu kaufen-weshalb ich ja eigentlich in die Stadt gegangen war. Ich war schockiert davon, wie tot alles wirkte. Verlassen, verriegelt, alle L\u00e4den waren dicht. Kaum eine Menschenseele auf der Strasse. Und ich sp\u00fcrte, wie es mich triggerte. Ur\u00e4ngste fingen an, in mir zu brodeln. Denn lebensbedrohlich ist es ja nun mal nicht, wenn man mal keine frischen Br\u00f6tchen bekommt. Das war so einer dieser Momente, in denen ich nach viel Training gelernt habe, innezuhalten. Das Gef\u00fchl sozusagen kurz anzuhalten und anzusehen und zu beobachten. Und Fragen zu stellen. Wo kommt es her? Ist das meins? Oder geh\u00f6rt es vielleicht jemand anderem? Darf ich hier noch ungetane Glaubensatzarbeit verrichten? Dies habe ich in meiner <a href=\"https:\/\/alpha-theta-coaching.de\/thetahealing-coaching-online-ausbildung\/\">ThetaHealing\u00ae Ausbildung<\/a> erst zum Coach, dann zur Lehrerin- intensiv lernen d\u00fcrfen. Manchmal mache ich die Aufl\u00f6sungsarbeit ganz schnell und instant innerlich an Ort und Stelle. Manchmal , wenn ich sp\u00fcre, dass ich ein gr\u00f6\u00dferes Thema angekratzt habe, hebe ich sie mir f\u00fcr einen ruhigeren Ort und eine ruhigere Zeit auf. (Und manchmal passiert es mir, dass ich es vergesse, sie zu machen. Das merke ich dann, wenn mich dasselbe Gef\u00fchl wieder in die Hacken zwickt, wenn ich in einer \u00e4hnlichen Situation stehe\u2026;-)\u00a0\u00a0)\u00a0\u00a0Und besonders im Moment sind es oftmals auch Emotionen aus dem Kollektiv, die wir \u201eaufschnappen\u201c und die dann so richtig in uns toben und so manches aus dem Lot bringen. Die Schraube wird gerade noch einmal so richtig angezogen. F\u00fcr mein Empfinden ein letztes Aufb\u00e4umen der alten, ausgelaugten Kr\u00e4fte, aber sie machen uns zuweilen arg zu schaffen.\r\n\r\nDeshalb habe ich euch mit \"Pflaster f\u00fcr die Seele\" einen kleine Katalog von \u201eInstant\u201c-Helfern zusammengestellt, mit denen ihr euch in solchen Situationen helfen k\u00f6nnt. Pflaster, die es der Seele ertr\u00e4glicher machen.\r\nWichtig ist in den Momenten der emotionalen \u201eEntlgleisung\u201c, mir zuallererst die innerliche Anweisung zu geben, innezuhalten und nicht in den Strudel der Dynamik zu geraten, mit einem klaren innerlichen: \u201eStop!\u201c, um aus dem Abw\u00e4rtsstrudel der Emotion auszusteigen.\r\nWenn wir in einer Gruppendynamik landen, gilt f\u00fcr mich: Niemand kann es uns in einer unangenehmen Situation verbieten, aus dem Gef\u00fchlskarussell auszusteigen. Wir tun damit niemandem weh, wir verraten damit niemanden, auch wenn man uns das zuweilen vielleicht vorwerfen m\u00f6chte. Aber bitte verwechsele nicht: wir sind nicht \u201ekalt\u201c oder \u201eherzlos\u201c oder \u201eunsolidarisch\u201c\u00a0\u00a0wenn wir das Drama aussen vor lassen und die Neutralit\u00e4t der h\u00f6heren Perspektive w\u00e4hlen. Der freiwillige Einstieg ins Drama bringt uns zuweilen so sehr in die Emotion, dass unser Blick eng wird. Dass wir nicht mehr sehen k\u00f6nnen, was Sache ist, den \u00dcberblick verlieren, wenn wir uns von der Emotion beherrschen lassen. Tr\u00fcgerisch ist, dass wir uns damit \u201esolidarisch\u201c vorkommen. Wir stimmen damit nicht nur unserer eigenen Talfahrt unserer Schwingung, sondern auch einer kollektiven Herabsetzung der Schwingung zu. Und gehen freiwillig k\u00f6rperlich in unsere Urreflexe, den sogenannten \u201eSurvival Mode\u201c. Na bravo.\r\n\r\n<img class=\"size-medium wp-image-959 alignright\" src=\"https:\/\/alpha-theta-coaching.de\/wp-content\/uploads\/2021\/12\/PflasterCover-300x300.jpg\" alt=\"Pflaster f\u00fcr die Seele Videokurs\" width=\"300\" height=\"300\" \/>Das soll jetzt keineswegs von oben herab wirken, ich war in meinem fr\u00fcheren Leben h\u00f6chstpers\u00f6nlicn und selbst eine ausgezeichnete Dramaqueen, die K\u00f6nigin des Opferlandes. Und auch mir passiert es zuweilen immer noch, dass ich manchmal in die derzeitige Dynamik einsteige und mich ein St\u00fcck mitreissen lasse. Aber eben nicht lange. Und dann kommt mein innerlicher \u201eStop!\u201c\r\nIch habe damals in der Situation in der Stadt nach meinem inneren \u201eStop!\u201c gew\u00e4hlt, in die Stille zu horchen, die da ja sonst an diesem Ort normalerweise nur nachts zu finden war. Die bl\u00fchenden Kirschb\u00e4ume anzusehen und die sch\u00f6nen Jugendstilh\u00e4user, denen ich sonst kaum Aufmerksamkeit geschenkt hatte. Und ich konnte mich \u00fcber diese sch\u00f6nen Dinge tats\u00e4chlich aus tiefstem Herzen freuen. Weil ich es BEWUSST gew\u00e4hlt habe. Ohne auszublenden, was ist. Und was ich f\u00fcr mich aus der Situation an Triggerpunkten nehmen und anschauen kann, um mich weiter zu bringen. Manchmal ist es so-je mehr \u201eRock Bottom\u201c, desto ruhiger werde ich. Desto mehr Erdung bekomme ich. Der \u201eStop\u201c ist eines der Tools, den ich dir im \"Pflaster f\u00fcr die Seele\" Kurs noch n\u00e4her bringen m\u00f6chte. Und vieles andere mehr.\r\n\r\n<a href=\"https:\/\/www.flickr.com\/photos\/foto_db\/24278610761\" target=\"_blank\" rel=\"noopener\">Pfaster-Foto von Tim Reckmann<\/a> mit <a href=\"https:\/\/creativecommons.org\/licenses\/by\/2.0\/\" target=\"_blank\" rel=\"noopener\">CC BY 2.0 Lizenz<\/a>. Vielen Dank.","_et_gb_content_width":""},"product_brand":[],"product_cat":[42],"product_tag":[48,44,47],"class_list":{"0":"post-947","1":"product","2":"type-product","3":"status-publish","4":"has-post-thumbnail","6":"product_cat-video","7":"product_tag-meditation","8":"product_tag-video","9":"product_tag-videokurs","11":"first","12":"instock","13":"virtual","14":"purchasable","15":"product-type-simple"},"_links":{"self":[{"href":"https:\/\/alpha-theta-coaching.de\/pt\/wp-json\/wp\/v2\/product\/947","targetHints":{"allow":["GET"]}}],"collection":[{"href":"https:\/\/alpha-theta-coaching.de\/pt\/wp-json\/wp\/v2\/product"}],"about":[{"href":"https:\/\/alpha-theta-coaching.de\/pt\/wp-json\/wp\/v2\/types\/product"}],"replies":[{"embeddable":true,"href":"https:\/\/alpha-theta-coaching.de\/pt\/wp-json\/wp\/v2\/comments?post=947"}],"wp:featuredmedia":[{"embeddable":true,"href":"https:\/\/alpha-theta-coaching.de\/pt\/wp-json\/wp\/v2\/media\/959"}],"wp:attachment":[{"href":"https:\/\/alpha-theta-coaching.de\/pt\/wp-json\/wp\/v2\/media?parent=947"}],"wp:term":[{"taxonomy":"product_brand","embeddable":true,"href":"https:\/\/alpha-theta-coaching.de\/pt\/wp-json\/wp\/v2\/product_brand?post=947"},{"taxonomy":"product_cat","embeddable":true,"href":"https:\/\/alpha-theta-coaching.de\/pt\/wp-json\/wp\/v2\/product_cat?post=947"},{"taxonomy":"product_tag","embeddable":true,"href":"https:\/\/alpha-theta-coaching.de\/pt\/wp-json\/wp\/v2\/product_tag?post=947"}],"curies":[{"name":"wp","href":"https:\/\/api.w.org\/{rel}","templated":true}]}}